{"id":1400,"date":"2018-08-09T14:58:15","date_gmt":"2018-08-09T12:58:15","guid":{"rendered":"http:\/\/schuetzen-urbach.de\/wordpress\/?page_id=1400"},"modified":"2023-01-03T19:10:40","modified_gmt":"2023-01-03T18:10:40","slug":"1400-2","status":"publish","type":"page","link":"http:\/\/schuetzen-urbach.de\/wordpress\/1400-2\/","title":{"rendered":"Sch\u00fctzenheim"},"content":{"rendered":"\r\n<p class=\"wp-block-paragraph\">Das Sch\u00fctzenheim in der Bartholom\u00e4usstra\u00dfe in Urbach wird nicht nur f\u00fcr vereinsinterne Veranstaltungen verwendet: Dort befindet sich eine Mehrzweckhalle, die bestens f\u00fcr Ihr Vereinstraining oder sonstige regelm\u00e4\u00dfige Veranstaltungen geeignet ist. Gro\u00dfz\u00fcgig angelegte Sanit\u00e4ranlagen mit Duschen sind ebenso vorhanden.\u00a0In der oberen Etage befindet sich ein weiterer Raum, der sich ebenfalls bestens\u00a0f\u00fcr Trainings, Versammlungen oder Seminare eignet.<\/p>\r\n\r\n\r\n\r\n<p class=\"wp-block-paragraph\"><strong>Die R\u00e4umlichkeiten des Sch\u00fctzenheims stehen Vereinen und Organisationen f\u00fcr Dauer\u00fcberlassungen zur Verf\u00fcgung. Wir freuen uns \u00fcber Ihre Anfragen.<\/strong><\/p>\r\n\r\n\r\n\r\n<h3><span style=\"color: #ff0000;\"><strong>Bitte beachten Sie: Unser Sch\u00fctzenheim steht nicht f\u00fcr Privatveranstaltungen zur Verf\u00fcgung!<\/strong><\/span><\/h3>\r\n\r\n\r\n\r\n<h1 class=\"wp-block-heading\"><strong>Eindr\u00fccke:<\/strong><\/h1>\r\n\r\n\r\n\r\n<ul class=\"wp-block-gallery columns-1 is-cropped wp-block-gallery-1\">\r\n<li class=\"blocks-gallery-item\">\r\n<figure><img loading=\"lazy\" decoding=\"async\" width=\"1920\" height=\"1080\" class=\"wp-image-536\" src=\"http:\/\/schuetzen-urbach.de\/wordpress\/wp-content\/uploads\/2012\/03\/vereinsheim-front.jpg\" alt=\"\" data-id=\"536\" data-link=\"http:\/\/schuetzen-urbach.de\/wordpress\/schuetzenheim\/vereinsheim-front\/\" srcset=\"http:\/\/schuetzen-urbach.de\/wordpress\/wp-content\/uploads\/2012\/03\/vereinsheim-front.jpg 1920w, http:\/\/schuetzen-urbach.de\/wordpress\/wp-content\/uploads\/2012\/03\/vereinsheim-front-300x169.jpg 300w, http:\/\/schuetzen-urbach.de\/wordpress\/wp-content\/uploads\/2012\/03\/vereinsheim-front-768x432.jpg 768w, http:\/\/schuetzen-urbach.de\/wordpress\/wp-content\/uploads\/2012\/03\/vereinsheim-front-1024x576.jpg 1024w, http:\/\/schuetzen-urbach.de\/wordpress\/wp-content\/uploads\/2012\/03\/vereinsheim-front-250x141.jpg 250w, http:\/\/schuetzen-urbach.de\/wordpress\/wp-content\/uploads\/2012\/03\/vereinsheim-front-128x72.jpg 128w, http:\/\/schuetzen-urbach.de\/wordpress\/wp-content\/uploads\/2012\/03\/vereinsheim-front-32x18.jpg 32w, http:\/\/schuetzen-urbach.de\/wordpress\/wp-content\/uploads\/2012\/03\/vereinsheim-front-150x84.jpg 150w\" sizes=\"auto, (max-width: 1920px) 100vw, 1920px\" \/><\/figure>\r\n<\/li>\r\n<li class=\"blocks-gallery-item\">\r\n<figure><img loading=\"lazy\" decoding=\"async\" width=\"1920\" height=\"1080\" class=\"wp-image-537\" src=\"http:\/\/schuetzen-urbach.de\/wordpress\/wp-content\/uploads\/2012\/03\/grosser-saal-1.jpg\" alt=\"\" data-id=\"537\" data-link=\"http:\/\/schuetzen-urbach.de\/wordpress\/schuetzenheim\/grosser-saal-1\/\" srcset=\"http:\/\/schuetzen-urbach.de\/wordpress\/wp-content\/uploads\/2012\/03\/grosser-saal-1.jpg 1920w, http:\/\/schuetzen-urbach.de\/wordpress\/wp-content\/uploads\/2012\/03\/grosser-saal-1-300x169.jpg 300w, http:\/\/schuetzen-urbach.de\/wordpress\/wp-content\/uploads\/2012\/03\/grosser-saal-1-768x432.jpg 768w, http:\/\/schuetzen-urbach.de\/wordpress\/wp-content\/uploads\/2012\/03\/grosser-saal-1-1024x576.jpg 1024w, http:\/\/schuetzen-urbach.de\/wordpress\/wp-content\/uploads\/2012\/03\/grosser-saal-1-250x141.jpg 250w, http:\/\/schuetzen-urbach.de\/wordpress\/wp-content\/uploads\/2012\/03\/grosser-saal-1-128x72.jpg 128w, http:\/\/schuetzen-urbach.de\/wordpress\/wp-content\/uploads\/2012\/03\/grosser-saal-1-32x18.jpg 32w, http:\/\/schuetzen-urbach.de\/wordpress\/wp-content\/uploads\/2012\/03\/grosser-saal-1-150x84.jpg 150w\" sizes=\"auto, (max-width: 1920px) 100vw, 1920px\" \/><\/figure>\r\n<\/li>\r\n<li class=\"blocks-gallery-item\">\r\n<figure><img loading=\"lazy\" decoding=\"async\" width=\"1920\" height=\"1080\" class=\"wp-image-538\" src=\"http:\/\/schuetzen-urbach.de\/wordpress\/wp-content\/uploads\/2012\/03\/grosser-saal-2.jpg\" alt=\"\" data-id=\"538\" data-link=\"http:\/\/schuetzen-urbach.de\/wordpress\/schuetzenheim\/grosser-saal-2\/\" srcset=\"http:\/\/schuetzen-urbach.de\/wordpress\/wp-content\/uploads\/2012\/03\/grosser-saal-2.jpg 1920w, http:\/\/schuetzen-urbach.de\/wordpress\/wp-content\/uploads\/2012\/03\/grosser-saal-2-300x169.jpg 300w, http:\/\/schuetzen-urbach.de\/wordpress\/wp-content\/uploads\/2012\/03\/grosser-saal-2-768x432.jpg 768w, http:\/\/schuetzen-urbach.de\/wordpress\/wp-content\/uploads\/2012\/03\/grosser-saal-2-1024x576.jpg 1024w, http:\/\/schuetzen-urbach.de\/wordpress\/wp-content\/uploads\/2012\/03\/grosser-saal-2-250x141.jpg 250w, http:\/\/schuetzen-urbach.de\/wordpress\/wp-content\/uploads\/2012\/03\/grosser-saal-2-128x72.jpg 128w, http:\/\/schuetzen-urbach.de\/wordpress\/wp-content\/uploads\/2012\/03\/grosser-saal-2-32x18.jpg 32w, http:\/\/schuetzen-urbach.de\/wordpress\/wp-content\/uploads\/2012\/03\/grosser-saal-2-150x84.jpg 150w\" sizes=\"auto, (max-width: 1920px) 100vw, 1920px\" \/><\/figure>\r\n<\/li>\r\n<li class=\"blocks-gallery-item\">\r\n<figure><img loading=\"lazy\" decoding=\"async\" width=\"1920\" height=\"1080\" class=\"wp-image-535 is-layout-flex wp-block-gallery-is-layout-flex\" src=\"http:\/\/schuetzen-urbach.de\/wordpress\/wp-content\/uploads\/2012\/03\/hubertusklause.jpg\" alt=\"\" data-id=\"535\" data-link=\"http:\/\/schuetzen-urbach.de\/wordpress\/schuetzenheim\/hubertusklause\/\" srcset=\"http:\/\/schuetzen-urbach.de\/wordpress\/wp-content\/uploads\/2012\/03\/hubertusklause.jpg 1920w, http:\/\/schuetzen-urbach.de\/wordpress\/wp-content\/uploads\/2012\/03\/hubertusklause-300x169.jpg 300w, http:\/\/schuetzen-urbach.de\/wordpress\/wp-content\/uploads\/2012\/03\/hubertusklause-768x432.jpg 768w, http:\/\/schuetzen-urbach.de\/wordpress\/wp-content\/uploads\/2012\/03\/hubertusklause-1024x576.jpg 1024w, http:\/\/schuetzen-urbach.de\/wordpress\/wp-content\/uploads\/2012\/03\/hubertusklause-250x141.jpg 250w, http:\/\/schuetzen-urbach.de\/wordpress\/wp-content\/uploads\/2012\/03\/hubertusklause-128x72.jpg 128w, http:\/\/schuetzen-urbach.de\/wordpress\/wp-content\/uploads\/2012\/03\/hubertusklause-32x18.jpg 32w, http:\/\/schuetzen-urbach.de\/wordpress\/wp-content\/uploads\/2012\/03\/hubertusklause-150x84.jpg 150w\" sizes=\"auto, (max-width: 1920px) 100vw, 1920px\" \/><\/figure>\r\n<\/li>\r\n<\/ul>\r\n\r\n\r\n\r\n<h2 class=\"wp-block-heading\">Anfahrt:<\/h2>\r\n\r\n\r\n\r\n<figure><iframe loading=\"lazy\" src=\"https:\/\/www.google.com\/maps\/embed?pb=!1m18!1m12!1m3!1d1518.6754089137166!2d7.089042096464344!3d50.883890423222574!2m3!1f0!2f0!3f0!3m2!1i1024!2i768!4f13.1!3m3!1m2!1s0x0%3A0x241d34ce372a3f97!2sSt.+Hubertus+Sch%C3%BCtzenbruderschaft+Porz-Urbach+e.V.!5e0!3m2!1sde!2sde!4v1485429515172\" width=\"800\" height=\"600\" allowfullscreen=\"allowfullscreen\"><\/iframe><\/figure>\r\n","protected":false},"excerpt":{"rendered":"<p>Das Sch\u00fctzenheim in der Bartholom\u00e4usstra\u00dfe in Urbach wird nicht nur f\u00fcr vereinsinterne Veranstaltungen verwendet: Dort befindet sich eine Mehrzweckhalle, die bestens f\u00fcr Ihr Vereinstraining oder sonstige regelm\u00e4\u00dfige Veranstaltungen geeignet ist.\u2026<\/p>\n<p> <a class=\"continue-reading-link\" href=\"http:\/\/schuetzen-urbach.de\/wordpress\/1400-2\/\"><span>Weiterlesen<\/span><i class=\"crycon-right-dir\"><\/i><\/a> <\/p>\n","protected":false},"author":2,"featured_media":0,"parent":0,"menu_order":0,"comment_status":"closed","ping_status":"closed","template":"","meta":{"_crdt_document":"","advgb_blocks_editor_width":"","advgb_blocks_columns_visual_guide":"","footnotes":""},"class_list":["post-1400","page","type-page","status-publish","hentry"],"coauthors":[],"author_meta":{"author_link":"http:\/\/schuetzen-urbach.de\/wordpress\/author\/christoph\/","display_name":"Christoph Backhausen"},"relative_dates":{"created":"Ver\u00f6ffentlicht 8\u00a0Jahren vor","modified":"Aktualisiert 3\u00a0Jahren vor"},"absolute_dates":{"created":"Ver\u00f6ffentlicht am 9. August 2018","modified":"Aktualisiert am 3. Januar 2023"},"absolute_dates_time":{"created":"Ver\u00f6ffentlicht am 9. August 2018 14:58","modified":"Aktualisiert am 3. Januar 2023 19:10"},"featured_img_caption":"","featured_img":false,"series_order":"","_links":{"self":[{"href":"http:\/\/schuetzen-urbach.de\/wordpress\/wp-json\/wp\/v2\/pages\/1400","targetHints":{"allow":["GET"]}}],"collection":[{"href":"http:\/\/schuetzen-urbach.de\/wordpress\/wp-json\/wp\/v2\/pages"}],"about":[{"href":"http:\/\/schuetzen-urbach.de\/wordpress\/wp-json\/wp\/v2\/types\/page"}],"author":[{"embeddable":true,"href":"http:\/\/schuetzen-urbach.de\/wordpress\/wp-json\/wp\/v2\/users\/2"}],"replies":[{"embeddable":true,"href":"http:\/\/schuetzen-urbach.de\/wordpress\/wp-json\/wp\/v2\/comments?post=1400"}],"version-history":[{"count":8,"href":"http:\/\/schuetzen-urbach.de\/wordpress\/wp-json\/wp\/v2\/pages\/1400\/revisions"}],"predecessor-version":[{"id":2430,"href":"http:\/\/schuetzen-urbach.de\/wordpress\/wp-json\/wp\/v2\/pages\/1400\/revisions\/2430"}],"wp:attachment":[{"href":"http:\/\/schuetzen-urbach.de\/wordpress\/wp-json\/wp\/v2\/media?parent=1400"}],"curies":[{"name":"wp","href":"https:\/\/api.w.org\/{rel}","templated":true}]}}