{"id":1415,"date":"2018-08-09T16:09:29","date_gmt":"2018-08-09T14:09:29","guid":{"rendered":"http:\/\/schuetzen-urbach.de\/wordpress\/?page_id=1415"},"modified":"2023-04-20T13:48:15","modified_gmt":"2023-04-20T11:48:15","slug":"archiv","status":"publish","type":"page","link":"http:\/\/schuetzen-urbach.de\/wordpress\/archiv\/","title":{"rendered":"Archiv"},"content":{"rendered":"\r\n<p class=\"wp-block-paragraph\">&nbsp;<\/p>\r\n\r\n\r\n\r\n<p class=\"wp-block-paragraph\"><strong><a href=\"http:\/\/schuetzen-urbach.de\/wordpress\/vereinschronik\/\">Vereinschronik<\/a><\/strong><\/p>\r\n\r\n\r\n\r\n<p class=\"wp-block-paragraph\"><strong><a href=\"http:\/\/schuetzen-urbach.de\/wordpress\/koenige\/\">K\u00f6nige<\/a><\/strong><\/p>\r\n\r\n\r\n\r\n<p class=\"wp-block-paragraph\"><strong><a href=\"http:\/\/schuetzen-urbach.de\/wordpress\/prinzen\/\">Prinzen<\/a><\/strong><\/p>\r\n\r\n\r\n\r\n<p class=\"wp-block-paragraph\"><strong><a href=\"http:\/\/schuetzen-urbach.de\/wordpress\/schuelerprinzen\/\">Sch\u00fclerprinzen<\/a><\/strong><\/p>\r\n\r\n\r\n\r\n<p class=\"wp-block-paragraph\"><strong><a href=\"http:\/\/schuetzen-urbach.de\/wordpress\/bambiniprinzen\/\">Bambiniprinzen<\/a><\/strong><\/p>\r\n\r\n\r\n\r\n<p class=\"wp-block-paragraph\"><strong><a href=\"http:\/\/schuetzen-urbach.de\/wordpress\/buergerkoenige-2\/\">B\u00fcrgerk\u00f6nige<\/a><\/strong><\/p>\r\n\r\n\r\n","protected":false},"excerpt":{"rendered":"<p>&nbsp; Vereinschronik K\u00f6nige Prinzen Sch\u00fclerprinzen Bambiniprinzen B\u00fcrgerk\u00f6nige<\/p>\n<p> <a class=\"continue-reading-link\" href=\"http:\/\/schuetzen-urbach.de\/wordpress\/archiv\/\"><span>Weiterlesen<\/span><i class=\"crycon-right-dir\"><\/i><\/a> <\/p>\n","protected":false},"author":2,"featured_media":0,"parent":0,"menu_order":0,"comment_status":"closed","ping_status":"closed","template":"","meta":{"_crdt_document":"","advgb_blocks_editor_width":"","advgb_blocks_columns_visual_guide":"","footnotes":""},"class_list":["post-1415","page","type-page","status-publish","hentry"],"coauthors":[],"author_meta":{"author_link":"http:\/\/schuetzen-urbach.de\/wordpress\/author\/christoph\/","display_name":"Christoph Backhausen"},"relative_dates":{"created":"Ver\u00f6ffentlicht 8\u00a0Jahren vor","modified":"Aktualisiert 3\u00a0Jahren vor"},"absolute_dates":{"created":"Ver\u00f6ffentlicht am 9. August 2018","modified":"Aktualisiert am 20. April 2023"},"absolute_dates_time":{"created":"Ver\u00f6ffentlicht am 9. August 2018 16:09","modified":"Aktualisiert am 20. April 2023 13:48"},"featured_img_caption":"","featured_img":false,"series_order":"","_links":{"self":[{"href":"http:\/\/schuetzen-urbach.de\/wordpress\/wp-json\/wp\/v2\/pages\/1415","targetHints":{"allow":["GET"]}}],"collection":[{"href":"http:\/\/schuetzen-urbach.de\/wordpress\/wp-json\/wp\/v2\/pages"}],"about":[{"href":"http:\/\/schuetzen-urbach.de\/wordpress\/wp-json\/wp\/v2\/types\/page"}],"author":[{"embeddable":true,"href":"http:\/\/schuetzen-urbach.de\/wordpress\/wp-json\/wp\/v2\/users\/2"}],"replies":[{"embeddable":true,"href":"http:\/\/schuetzen-urbach.de\/wordpress\/wp-json\/wp\/v2\/comments?post=1415"}],"version-history":[{"count":3,"href":"http:\/\/schuetzen-urbach.de\/wordpress\/wp-json\/wp\/v2\/pages\/1415\/revisions"}],"predecessor-version":[{"id":2448,"href":"http:\/\/schuetzen-urbach.de\/wordpress\/wp-json\/wp\/v2\/pages\/1415\/revisions\/2448"}],"wp:attachment":[{"href":"http:\/\/schuetzen-urbach.de\/wordpress\/wp-json\/wp\/v2\/media?parent=1415"}],"curies":[{"name":"wp","href":"https:\/\/api.w.org\/{rel}","templated":true}]}}