{"id":1462,"date":"2018-08-09T16:34:08","date_gmt":"2018-08-09T14:34:08","guid":{"rendered":"http:\/\/schuetzen-urbach.de\/wordpress\/?page_id=1462"},"modified":"2025-04-08T13:19:39","modified_gmt":"2025-04-08T11:19:39","slug":"schiesssport-2","status":"publish","type":"page","link":"http:\/\/schuetzen-urbach.de\/wordpress\/schiesssport-2\/","title":{"rendered":"Schie\u00dfsport"},"content":{"rendered":"\n<p class=\"wp-block-paragraph\">Zu einem Sch\u00fctzenverein geh\u00f6rt, neben dem traditionellen Teil nat\u00fcrlich auch der Schie\u00dfsport.<\/p>\n\n\n\n<p class=\"wp-block-paragraph\">Auf unserem Schie\u00dfstand kann auf insgesamt acht Bahnen mit Luftdruckwaffen geschossen werden. Dabei befindet sich das Ziel in 10 m Entfernung. Vier der acht Bahnen sind als Kombibahn angelegt, die die Zielscheibe auch auf 25 m Entfernung bef\u00f6rdern k\u00f6nnen. Auf diesen Bahnen ist es dann m\u00f6glich mit gro\u00dfkalibrigen Waffen bis 1500 Joule zu schie\u00dfen.<\/p>\n\n\n\n<figure class=\"wp-block-gallery has-nested-images columns-4 is-cropped wp-block-gallery-1 is-layout-flex wp-block-gallery-is-layout-flex\">\n<figure class=\"wp-block-image size-large is-style-default advgb-dyn-5911cdc6\"><a href=\"http:\/\/schuetzen-urbach.de\/wordpress\/wp-content\/uploads\/2025\/04\/DSC_0962_Luminar-scaled.jpg\" rel=\"lightbox[1462]\"><img loading=\"lazy\" decoding=\"async\" width=\"1024\" height=\"683\" data-id=\"2852\" src=\"http:\/\/schuetzen-urbach.de\/wordpress\/wp-content\/uploads\/2025\/04\/DSC_0962_Luminar-1024x683.jpg\" alt=\"\" class=\"wp-image-2852\" srcset=\"http:\/\/schuetzen-urbach.de\/wordpress\/wp-content\/uploads\/2025\/04\/DSC_0962_Luminar-1024x683.jpg 1024w, http:\/\/schuetzen-urbach.de\/wordpress\/wp-content\/uploads\/2025\/04\/DSC_0962_Luminar-300x200.jpg 300w, http:\/\/schuetzen-urbach.de\/wordpress\/wp-content\/uploads\/2025\/04\/DSC_0962_Luminar-768x512.jpg 768w, http:\/\/schuetzen-urbach.de\/wordpress\/wp-content\/uploads\/2025\/04\/DSC_0962_Luminar-1536x1024.jpg 1536w, http:\/\/schuetzen-urbach.de\/wordpress\/wp-content\/uploads\/2025\/04\/DSC_0962_Luminar-2048x1365.jpg 2048w, http:\/\/schuetzen-urbach.de\/wordpress\/wp-content\/uploads\/2025\/04\/DSC_0962_Luminar-128x85.jpg 128w, http:\/\/schuetzen-urbach.de\/wordpress\/wp-content\/uploads\/2025\/04\/DSC_0962_Luminar-32x21.jpg 32w, http:\/\/schuetzen-urbach.de\/wordpress\/wp-content\/uploads\/2025\/04\/DSC_0962_Luminar-150x100.jpg 150w, http:\/\/schuetzen-urbach.de\/wordpress\/wp-content\/uploads\/2025\/04\/DSC_0962_Luminar-272x182.jpg 272w\" sizes=\"auto, (max-width: 1024px) 100vw, 1024px\" \/><\/a><figcaption class=\"wp-element-caption\">Foto: Privat<\/figcaption><\/figure>\n\n\n\n<figure class=\"wp-block-image size-large\"><a href=\"http:\/\/schuetzen-urbach.de\/wordpress\/wp-content\/uploads\/2025\/04\/DSC_0967_Luminar-scaled.jpg\" rel=\"lightbox[1462]\"><img loading=\"lazy\" decoding=\"async\" width=\"1024\" height=\"683\" data-id=\"2853\" src=\"http:\/\/schuetzen-urbach.de\/wordpress\/wp-content\/uploads\/2025\/04\/DSC_0967_Luminar-1024x683.jpg\" alt=\"\" class=\"wp-image-2853\" srcset=\"http:\/\/schuetzen-urbach.de\/wordpress\/wp-content\/uploads\/2025\/04\/DSC_0967_Luminar-1024x683.jpg 1024w, http:\/\/schuetzen-urbach.de\/wordpress\/wp-content\/uploads\/2025\/04\/DSC_0967_Luminar-300x200.jpg 300w, http:\/\/schuetzen-urbach.de\/wordpress\/wp-content\/uploads\/2025\/04\/DSC_0967_Luminar-768x512.jpg 768w, http:\/\/schuetzen-urbach.de\/wordpress\/wp-content\/uploads\/2025\/04\/DSC_0967_Luminar-1536x1024.jpg 1536w, http:\/\/schuetzen-urbach.de\/wordpress\/wp-content\/uploads\/2025\/04\/DSC_0967_Luminar-2048x1365.jpg 2048w, http:\/\/schuetzen-urbach.de\/wordpress\/wp-content\/uploads\/2025\/04\/DSC_0967_Luminar-128x85.jpg 128w, http:\/\/schuetzen-urbach.de\/wordpress\/wp-content\/uploads\/2025\/04\/DSC_0967_Luminar-32x21.jpg 32w, http:\/\/schuetzen-urbach.de\/wordpress\/wp-content\/uploads\/2025\/04\/DSC_0967_Luminar-150x100.jpg 150w, http:\/\/schuetzen-urbach.de\/wordpress\/wp-content\/uploads\/2025\/04\/DSC_0967_Luminar-272x182.jpg 272w\" sizes=\"auto, (max-width: 1024px) 100vw, 1024px\" \/><\/a><figcaption class=\"wp-element-caption\">Foto: Privat<\/figcaption><\/figure>\n\n\n\n<figure class=\"wp-block-image size-large\"><a href=\"http:\/\/schuetzen-urbach.de\/wordpress\/wp-content\/uploads\/2025\/04\/DSC_0971_Luminar-scaled.jpg\" rel=\"lightbox[1462]\"><img loading=\"lazy\" decoding=\"async\" width=\"1024\" height=\"683\" data-id=\"2855\" src=\"http:\/\/schuetzen-urbach.de\/wordpress\/wp-content\/uploads\/2025\/04\/DSC_0971_Luminar-1024x683.jpg\" alt=\"\" class=\"wp-image-2855\" srcset=\"http:\/\/schuetzen-urbach.de\/wordpress\/wp-content\/uploads\/2025\/04\/DSC_0971_Luminar-1024x683.jpg 1024w, http:\/\/schuetzen-urbach.de\/wordpress\/wp-content\/uploads\/2025\/04\/DSC_0971_Luminar-300x200.jpg 300w, http:\/\/schuetzen-urbach.de\/wordpress\/wp-content\/uploads\/2025\/04\/DSC_0971_Luminar-768x512.jpg 768w, http:\/\/schuetzen-urbach.de\/wordpress\/wp-content\/uploads\/2025\/04\/DSC_0971_Luminar-1536x1024.jpg 1536w, http:\/\/schuetzen-urbach.de\/wordpress\/wp-content\/uploads\/2025\/04\/DSC_0971_Luminar-2048x1365.jpg 2048w, http:\/\/schuetzen-urbach.de\/wordpress\/wp-content\/uploads\/2025\/04\/DSC_0971_Luminar-128x85.jpg 128w, http:\/\/schuetzen-urbach.de\/wordpress\/wp-content\/uploads\/2025\/04\/DSC_0971_Luminar-32x21.jpg 32w, http:\/\/schuetzen-urbach.de\/wordpress\/wp-content\/uploads\/2025\/04\/DSC_0971_Luminar-150x100.jpg 150w, http:\/\/schuetzen-urbach.de\/wordpress\/wp-content\/uploads\/2025\/04\/DSC_0971_Luminar-272x182.jpg 272w\" sizes=\"auto, (max-width: 1024px) 100vw, 1024px\" \/><\/a><figcaption class=\"wp-element-caption\">Foto: Privat<\/figcaption><\/figure>\n\n\n\n<figure class=\"wp-block-image size-large\"><a href=\"http:\/\/schuetzen-urbach.de\/wordpress\/wp-content\/uploads\/2025\/04\/DSC_0970_Luminar-scaled.jpg\" rel=\"lightbox[1462]\"><img loading=\"lazy\" decoding=\"async\" width=\"1024\" height=\"683\" data-id=\"2854\" src=\"http:\/\/schuetzen-urbach.de\/wordpress\/wp-content\/uploads\/2025\/04\/DSC_0970_Luminar-1024x683.jpg\" alt=\"\" class=\"wp-image-2854\" srcset=\"http:\/\/schuetzen-urbach.de\/wordpress\/wp-content\/uploads\/2025\/04\/DSC_0970_Luminar-1024x683.jpg 1024w, http:\/\/schuetzen-urbach.de\/wordpress\/wp-content\/uploads\/2025\/04\/DSC_0970_Luminar-300x200.jpg 300w, http:\/\/schuetzen-urbach.de\/wordpress\/wp-content\/uploads\/2025\/04\/DSC_0970_Luminar-768x512.jpg 768w, http:\/\/schuetzen-urbach.de\/wordpress\/wp-content\/uploads\/2025\/04\/DSC_0970_Luminar-1536x1024.jpg 1536w, http:\/\/schuetzen-urbach.de\/wordpress\/wp-content\/uploads\/2025\/04\/DSC_0970_Luminar-2048x1365.jpg 2048w, http:\/\/schuetzen-urbach.de\/wordpress\/wp-content\/uploads\/2025\/04\/DSC_0970_Luminar-128x85.jpg 128w, http:\/\/schuetzen-urbach.de\/wordpress\/wp-content\/uploads\/2025\/04\/DSC_0970_Luminar-32x21.jpg 32w, http:\/\/schuetzen-urbach.de\/wordpress\/wp-content\/uploads\/2025\/04\/DSC_0970_Luminar-150x100.jpg 150w, http:\/\/schuetzen-urbach.de\/wordpress\/wp-content\/uploads\/2025\/04\/DSC_0970_Luminar-272x182.jpg 272w\" sizes=\"auto, (max-width: 1024px) 100vw, 1024px\" \/><\/a><figcaption class=\"wp-element-caption\">Foto: Privat<\/figcaption><\/figure>\n<\/figure>\n\n\n\n<p class=\"wp-block-paragraph\"><\/p>\n\n\n\n<p class=\"wp-block-paragraph\">In den vergangenen Jahren ist es unseren Sch\u00fctzen gelungen einige Erfolge zu feiern. So steht unsere erste Mannschaft bei den Ligawettk\u00e4mpfen im Bezirk Porz seit 2004 an der Spitze der Tabelle. Auch unsere zweite Mannschaft konnte ihre Gruppe einige Male gewinnen.<\/p>\n\n\n\n<p class=\"wp-block-paragraph\">Aber auch au\u00dferhalb von Porz waren wir erfolgreich. Neben einigen Podestpl\u00e4tzen konnten unsere Sch\u00fctzen auch einige Titel bei den Di\u00f6zesan- und Bundesmeisterschaften erringen.<\/p>\n\n\n\n<p class=\"wp-block-paragraph\">Dar\u00fcber hinaus konnten wir&nbsp;schon zwei Sch\u00fctzen&nbsp;zur Deutschen Meisterschaft des Deutschen Sch\u00fctzenbundes schicken. In der Klasse der Parasch\u00fctzen konnte die Vizemeisterschaft errungen werden.<\/p>\n\n\n\n<p class=\"wp-block-paragraph\">Im&nbsp;Bund der Historischen Deutschen Sch\u00fctzenbruderschaften stellen wir derzeit&nbsp;zwei Mannschaften. Eine Mannschaft in der Alters- und Seniorenklasse (ab 40), die 2024, den Aufstieg in die h\u00f6chste Liga, die Di\u00f6zesanklasse A feiern konnte. Eine weitere Mannschaft stellen wir bei den freihand Wettk\u00e4mpfen, bei denen in der so genannten offenen Klasse geschossen wird. Hier d\u00fcrfen alle Sch\u00fctzen, unabh\u00e4ngig ihres Alters mitschie\u00dfen. Als Nachwuchsmannschaft, mit lediglich einem erwachsenen Sch\u00fctzen angetreten, konnte sie sich direkt in ihrem ersten Jahr auf dem zweiten Platz etablieren.<\/p>\n\n\n\n<p class=\"wp-block-paragraph\">F\u00fcr die Kleinsten stehen mittlerweile zwei Laseranlagen zur Verf\u00fcgung, mit denen sie schon trainieren k\u00f6nnen wie die Gro\u00dfen.<\/p>\n\n\n\n<p class=\"wp-block-paragraph\">Unsere Wettkampfergebnisse findet ihr hier:<\/p>\n\n\n\n<p class=\"wp-block-paragraph\"><a href=\"http:\/\/schuetzen-urbach.de\/wordpress\/eroeffnungsschiessen\/\">Er\u00f6ffnungsschie\u00dfen<\/a><\/p>\n\n\n\n<p class=\"wp-block-paragraph\"><a href=\"http:\/\/schuetzen-urbach.de\/wordpress\/schlussschiessen\/\">Schlussschie\u00dfen<\/a><\/p>\n\n\n\n<p class=\"wp-block-paragraph\"><a href=\"http:\/\/schuetzen-urbach.de\/wordpress\/vereinsmeisterschaft\/\">Vereinsmeisterschaft<\/a><\/p>\n\n\n\n<p class=\"wp-block-paragraph\"><a href=\"http:\/\/schuetzen-urbach.de\/wordpress\/rundenwettkaempfe-porz\/\">Rundenwettk\u00e4mpfe Porz<\/a><\/p>\n\n\n\n<p class=\"wp-block-paragraph\"><a href=\"http:\/\/schuetzen-urbach.de\/wordpress\/bezirksmeisterschaft\/\">Bezirksmeisterschaft<\/a><\/p>\n\n\n\n<p class=\"wp-block-paragraph\"><a href=\"https:\/\/dv-koeln.de\/rundenwettkaempfe\/\">Rundenwettk\u00e4mpfe | Di\u00f6zesanverband K\u00f6ln e.V.<\/a><\/p>\n\n\n\n<p class=\"wp-block-paragraph\">Wer jetzt neugierig geworden ist, findet einige Informationen, auch zu den <a href=\"http:\/\/schuetzen-urbach.de\/wordpress\/vorstand\/\">passenden Ansprechpartnern<\/a>, auf&nbsp;dieser Seite. Wir freuen uns auch \u00fcber \u00e4lteren Nachwuchs.<\/p>\n\n\n\n<p class=\"wp-block-paragraph\">&nbsp;<\/p>\n","protected":false},"excerpt":{"rendered":"<p>Zu einem Sch\u00fctzenverein geh\u00f6rt, neben dem traditionellen Teil nat\u00fcrlich auch der Schie\u00dfsport. Auf unserem Schie\u00dfstand kann auf insgesamt acht Bahnen mit Luftdruckwaffen geschossen werden. Dabei befindet sich das Ziel in\u2026<\/p>\n<p> <a class=\"continue-reading-link\" href=\"http:\/\/schuetzen-urbach.de\/wordpress\/schiesssport-2\/\"><span>Weiterlesen<\/span><i class=\"crycon-right-dir\"><\/i><\/a> <\/p>\n","protected":false},"author":2,"featured_media":0,"parent":0,"menu_order":0,"comment_status":"closed","ping_status":"closed","template":"","meta":{"_crdt_document":"","advgb_blocks_editor_width":"","advgb_blocks_columns_visual_guide":"","footnotes":""},"class_list":["post-1462","page","type-page","status-publish","hentry"],"coauthors":[],"author_meta":{"author_link":"http:\/\/schuetzen-urbach.de\/wordpress\/author\/christoph\/","display_name":"Christoph Backhausen"},"relative_dates":{"created":"Ver\u00f6ffentlicht 8\u00a0Jahren vor","modified":"Aktualisiert 1\u00a0Jahr vor"},"absolute_dates":{"created":"Ver\u00f6ffentlicht am 9. August 2018","modified":"Aktualisiert am 8. April 2025"},"absolute_dates_time":{"created":"Ver\u00f6ffentlicht am 9. August 2018 16:34","modified":"Aktualisiert am 8. April 2025 13:19"},"featured_img_caption":"","featured_img":false,"series_order":"","_links":{"self":[{"href":"http:\/\/schuetzen-urbach.de\/wordpress\/wp-json\/wp\/v2\/pages\/1462","targetHints":{"allow":["GET"]}}],"collection":[{"href":"http:\/\/schuetzen-urbach.de\/wordpress\/wp-json\/wp\/v2\/pages"}],"about":[{"href":"http:\/\/schuetzen-urbach.de\/wordpress\/wp-json\/wp\/v2\/types\/page"}],"author":[{"embeddable":true,"href":"http:\/\/schuetzen-urbach.de\/wordpress\/wp-json\/wp\/v2\/users\/2"}],"replies":[{"embeddable":true,"href":"http:\/\/schuetzen-urbach.de\/wordpress\/wp-json\/wp\/v2\/comments?post=1462"}],"version-history":[{"count":12,"href":"http:\/\/schuetzen-urbach.de\/wordpress\/wp-json\/wp\/v2\/pages\/1462\/revisions"}],"predecessor-version":[{"id":2858,"href":"http:\/\/schuetzen-urbach.de\/wordpress\/wp-json\/wp\/v2\/pages\/1462\/revisions\/2858"}],"wp:attachment":[{"href":"http:\/\/schuetzen-urbach.de\/wordpress\/wp-json\/wp\/v2\/media?parent=1462"}],"curies":[{"name":"wp","href":"https:\/\/api.w.org\/{rel}","templated":true}]}}